{"id":4851,"date":"2023-03-13T20:37:56","date_gmt":"2023-03-14T00:37:56","guid":{"rendered":"https:\/\/teameoweb.azurewebsites.net\/about-us\/"},"modified":"2025-04-09T08:52:25","modified_gmt":"2025-04-09T12:52:25","slug":"about_us","status":"publish","type":"page","link":"https:\/\/ls2.ca\/en\/about_us\/","title":{"rendered":"About us"},"content":{"rendered":"\t\t<div data-elementor-type=\"wp-page\" data-elementor-id=\"4851\" class=\"elementor elementor-4851 elementor-474\" data-elementor-post-type=\"page\">\n\t\t\t\t\t\t<section class=\"elementor-section elementor-top-section elementor-element elementor-element-175804e3 elementor-section-height-min-height page_banner_section elementor-section-boxed elementor-section-height-default elementor-section-items-middle\" data-id=\"175804e3\" data-element_type=\"section\" data-e-type=\"section\" data-settings=\"{&quot;background_background&quot;:&quot;classic&quot;}\">\n\t\t\t\t\t\t\t<div class=\"elementor-background-overlay\"><\/div>\n\t\t\t\t\t\t\t<div class=\"elementor-container elementor-column-gap-default\">\n\t\t\t\t\t<div class=\"elementor-column elementor-col-100 elementor-top-column elementor-element elementor-element-7ae814b6\" data-id=\"7ae814b6\" data-element_type=\"column\" data-e-type=\"column\">\n\t\t\t<div class=\"elementor-widget-wrap elementor-element-populated\">\n\t\t\t\t\t\t<div class=\"elementor-element elementor-element-24c5b7ee elementor-widget elementor-widget-heading\" data-id=\"24c5b7ee\" data-element_type=\"widget\" data-e-type=\"widget\" data-widget_type=\"heading.default\">\n\t\t\t\t<div class=\"elementor-widget-container\">\n\t\t\t\t\t<h1 class=\"elementor-heading-title elementor-size-default\"><div style=\"text-align: center\"><span style=\"font-family: var( --e-global-typography-primary-font-family ), Sans-serif;font-size: var( --e-global-typography-primary-font-size );font-weight: var( --e-global-typography-primary-font-weight )\">                     Listening to needs to simplify class management<\/span><span style=\"font-family: var( --e-global-typography-primary-font-family ), Sans-serif;font-size: var( --e-global-typography-primary-font-size );font-weight: var( --e-global-typography-primary-font-weight );text-align: center\"><\/span><\/div><\/h1>\t\t\t\t<\/div>\n\t\t\t\t<\/div>\n\t\t\t\t<div class=\"elementor-element elementor-element-5a90c445 elementor-widget elementor-widget-text-editor\" data-id=\"5a90c445\" data-element_type=\"widget\" data-e-type=\"widget\" data-widget_type=\"text-editor.default\">\n\t\t\t\t<div class=\"elementor-widget-container\">\n\t\t\t\t\t\t\t\t\t<p>At LS2, we participate in the digital transformation of education by listening closely to the needs of educational establishments and by creating simple, effective technological solutions adapted to the reality in the classroom.<\/p>\t\t\t\t\t\t\t\t<\/div>\n\t\t\t\t<\/div>\n\t\t\t\t\t<\/div>\n\t\t<\/div>\n\t\t\t\t\t<\/div>\n\t\t<\/section>\n\t\t\t\t<section class=\"elementor-section elementor-top-section elementor-element elementor-element-5d74292 elementor-section-boxed elementor-section-height-default elementor-section-height-default\" data-id=\"5d74292\" data-element_type=\"section\" data-e-type=\"section\">\n\t\t\t\t\t\t<div class=\"elementor-container elementor-column-gap-default\">\n\t\t\t\t\t<div class=\"elementor-column elementor-col-100 elementor-top-column elementor-element elementor-element-6e91bcb\" data-id=\"6e91bcb\" data-element_type=\"column\" data-e-type=\"column\">\n\t\t\t<div class=\"elementor-widget-wrap elementor-element-populated\">\n\t\t\t\t\t\t<div class=\"elementor-element elementor-element-7ab25747 elementor-widget elementor-widget-heading\" data-id=\"7ab25747\" data-element_type=\"widget\" data-e-type=\"widget\" data-widget_type=\"heading.default\">\n\t\t\t\t<div class=\"elementor-widget-container\">\n\t\t\t\t\t<h2 class=\"elementor-heading-title elementor-size-default\">Our recipe is simple...<\/h2>\t\t\t\t<\/div>\n\t\t\t\t<\/div>\n\t\t\t\t\t<\/div>\n\t\t<\/div>\n\t\t\t\t\t<\/div>\n\t\t<\/section>\n\t\t\t\t<section class=\"elementor-section elementor-top-section elementor-element elementor-element-6c49472 elementor-section-boxed elementor-section-height-default elementor-section-height-default\" data-id=\"6c49472\" data-element_type=\"section\" data-e-type=\"section\">\n\t\t\t\t\t\t<div class=\"elementor-container elementor-column-gap-default\">\n\t\t\t\t\t<div class=\"elementor-column elementor-col-100 elementor-top-column elementor-element elementor-element-2c78fd4\" data-id=\"2c78fd4\" data-element_type=\"column\" data-e-type=\"column\">\n\t\t\t<div class=\"elementor-widget-wrap elementor-element-populated\">\n\t\t\t\t\t\t<section class=\"elementor-section elementor-inner-section elementor-element elementor-element-e068516 elementor-section-boxed elementor-section-height-default elementor-section-height-default\" data-id=\"e068516\" data-element_type=\"section\" data-e-type=\"section\">\n\t\t\t\t\t\t<div class=\"elementor-container elementor-column-gap-default\">\n\t\t\t\t\t<div class=\"elementor-column elementor-col-33 elementor-inner-column elementor-element elementor-element-9068f26\" data-id=\"9068f26\" data-element_type=\"column\" data-e-type=\"column\">\n\t\t\t<div class=\"elementor-widget-wrap elementor-element-populated\">\n\t\t\t\t\t\t<div class=\"elementor-element elementor-element-4131e46 elementor-widget elementor-widget-image\" data-id=\"4131e46\" data-element_type=\"widget\" data-e-type=\"widget\" data-widget_type=\"image.default\">\n\t\t\t\t<div class=\"elementor-widget-container\">\n\t\t\t\t\t<img decoding=\"async\" src=\"\"\r\n\t\t\t\t\t\t\t\t\tdata-src=\"\/wp-content\/uploads\/2023\/04\/advice-1.png\" \r\n\t\t\t\t\t\t\t\t\tclass=\"lazy-images\" \r\n\t\t\t\t\t\t\t\t\twidth=\"64\"\r\n\t\t\t\t\t\t\t\t\theight=\"64\"\r\n\t\t\t\t\t\t\t\t\talt=\"advice-1.png\" \/>\t\t\t\t<\/div>\n\t\t\t\t<\/div>\n\t\t\t\t<div class=\"elementor-element elementor-element-990ad49 elementor-widget elementor-widget-heading\" data-id=\"990ad49\" data-element_type=\"widget\" data-e-type=\"widget\" data-widget_type=\"heading.default\">\n\t\t\t\t<div class=\"elementor-widget-container\">\n\t\t\t\t\t<h4 class=\"elementor-heading-title elementor-size-default\">Collaborate openly\n<\/h4>\t\t\t\t<\/div>\n\t\t\t\t<\/div>\n\t\t\t\t<div class=\"elementor-element elementor-element-6438a17 elementor-widget elementor-widget-text-editor\" data-id=\"6438a17\" data-element_type=\"widget\" data-e-type=\"widget\" data-widget_type=\"text-editor.default\">\n\t\t\t\t<div class=\"elementor-widget-container\">\n\t\t\t\t\t\t\t\t\t<p>We\u00a0<strong>listen<\/strong>\u00a0and work closely with the various stakeholders in educational establishments to fully\u00a0<strong>understand<\/strong>\u00a0their reality.<\/p>\t\t\t\t\t\t\t\t<\/div>\n\t\t\t\t<\/div>\n\t\t\t\t\t<\/div>\n\t\t<\/div>\n\t\t\t\t<div class=\"elementor-column elementor-col-33 elementor-inner-column elementor-element elementor-element-807152f\" data-id=\"807152f\" data-element_type=\"column\" data-e-type=\"column\">\n\t\t\t<div class=\"elementor-widget-wrap elementor-element-populated\">\n\t\t\t\t\t\t<div class=\"elementor-element elementor-element-d2f56e6 elementor-widget elementor-widget-image\" data-id=\"d2f56e6\" data-element_type=\"widget\" data-e-type=\"widget\" data-widget_type=\"image.default\">\n\t\t\t\t<div class=\"elementor-widget-container\">\n\t\t\t\t\t<img decoding=\"async\" src=\"\"\r\n\t\t\t\t\t\t\t\t\tdata-src=\"\/wp-content\/uploads\/2023\/04\/flag-1.png\" \r\n\t\t\t\t\t\t\t\t\tclass=\"lazy-images\" \r\n\t\t\t\t\t\t\t\t\twidth=\"64\"\r\n\t\t\t\t\t\t\t\t\theight=\"64\"\r\n\t\t\t\t\t\t\t\t\talt=\"flag-1.png\" \/>\t\t\t\t<\/div>\n\t\t\t\t<\/div>\n\t\t\t\t<div class=\"elementor-element elementor-element-516bf60 elementor-widget elementor-widget-heading\" data-id=\"516bf60\" data-element_type=\"widget\" data-e-type=\"widget\" data-widget_type=\"heading.default\">\n\t\t\t\t<div class=\"elementor-widget-container\">\n\t\t\t\t\t<h4 class=\"elementor-heading-title elementor-size-default\">Constantly innovating<\/h4>\t\t\t\t<\/div>\n\t\t\t\t<\/div>\n\t\t\t\t<div class=\"elementor-element elementor-element-0ff5071 elementor-widget elementor-widget-text-editor\" data-id=\"0ff5071\" data-element_type=\"widget\" data-e-type=\"widget\" data-widget_type=\"text-editor.default\">\n\t\t\t\t<div class=\"elementor-widget-container\">\n\t\t\t\t\t\t\t\t\t<p>We seek solutions to current challenges while always looking to the future. Thus, LS2 is in <strong>continuous\u00a0<\/strong><strong>evolution<\/strong>\u00a0.<\/p>\t\t\t\t\t\t\t\t<\/div>\n\t\t\t\t<\/div>\n\t\t\t\t\t<\/div>\n\t\t<\/div>\n\t\t\t\t<div class=\"elementor-column elementor-col-33 elementor-inner-column elementor-element elementor-element-d274971\" data-id=\"d274971\" data-element_type=\"column\" data-e-type=\"column\">\n\t\t\t<div class=\"elementor-widget-wrap elementor-element-populated\">\n\t\t\t\t\t\t<div class=\"elementor-element elementor-element-8b0686a elementor-widget elementor-widget-image\" data-id=\"8b0686a\" data-element_type=\"widget\" data-e-type=\"widget\" data-widget_type=\"image.default\">\n\t\t\t\t<div class=\"elementor-widget-container\">\n\t\t\t\t\t<img decoding=\"async\" src=\"\"\r\n\t\t\t\t\t\t\t\t\tdata-src=\"\/wp-content\/uploads\/2023\/04\/healthcare-1.png\" \r\n\t\t\t\t\t\t\t\t\tclass=\"lazy-images\" \r\n\t\t\t\t\t\t\t\t\twidth=\"64\"\r\n\t\t\t\t\t\t\t\t\theight=\"64\"\r\n\t\t\t\t\t\t\t\t\talt=\"healthcare-1.png\" \/>\t\t\t\t<\/div>\n\t\t\t\t<\/div>\n\t\t\t\t<div class=\"elementor-element elementor-element-cd9a572 elementor-widget elementor-widget-heading\" data-id=\"cd9a572\" data-element_type=\"widget\" data-e-type=\"widget\" data-widget_type=\"heading.default\">\n\t\t\t\t<div class=\"elementor-widget-container\">\n\t\t\t\t\t<h4 class=\"elementor-heading-title elementor-size-default\">Spreading our passion<\/h4>\t\t\t\t<\/div>\n\t\t\t\t<\/div>\n\t\t\t\t<div class=\"elementor-element elementor-element-5f85943 elementor-widget elementor-widget-text-editor\" data-id=\"5f85943\" data-element_type=\"widget\" data-e-type=\"widget\" data-widget_type=\"text-editor.default\">\n\t\t\t\t<div class=\"elementor-widget-container\">\n\t\t\t\t\t\t\t\t\t<p><span>We combine the best of our passion for education and our technological expertise to\u00a0<\/span><strong><span>improve\u00a0<\/span><\/strong><strong><span>the experience<\/span><\/strong><span>\u00a0of teachers and students.<\/span><\/p>\t\t\t\t\t\t\t\t<\/div>\n\t\t\t\t<\/div>\n\t\t\t\t\t<\/div>\n\t\t<\/div>\n\t\t\t\t\t<\/div>\n\t\t<\/section>\n\t\t\t\t<div class=\"elementor-element elementor-element-2581fde elementor-widget elementor-widget-spacer\" data-id=\"2581fde\" data-element_type=\"widget\" data-e-type=\"widget\" data-widget_type=\"spacer.default\">\n\t\t\t\t<div class=\"elementor-widget-container\">\n\t\t\t\t\t\t\t<div class=\"elementor-spacer\">\n\t\t\t<div class=\"elementor-spacer-inner\"><\/div>\n\t\t<\/div>\n\t\t\t\t\t\t<\/div>\n\t\t\t\t<\/div>\n\t\t\t\t<div class=\"elementor-element elementor-element-1749c13 elementor-widget elementor-widget-text-editor\" data-id=\"1749c13\" data-element_type=\"widget\" data-e-type=\"widget\" data-widget_type=\"text-editor.default\">\n\t\t\t\t<div class=\"elementor-widget-container\">\n\t\t\t\t\t\t\t\t\t<p>Our solutions are perfectly adapted to the reality of the education systems in Canada, the United States and the United Kingdom.<\/p>\t\t\t\t\t\t\t\t<\/div>\n\t\t\t\t<\/div>\n\t\t\t\t\t<\/div>\n\t\t<\/div>\n\t\t\t\t\t<\/div>\n\t\t<\/section>\n\t\t\t\t<section class=\"elementor-section elementor-top-section elementor-element elementor-element-2d14b367 elementor-section-height-min-height elementor-section-items-bottom elementor-section-boxed elementor-section-height-default\" data-id=\"2d14b367\" data-element_type=\"section\" data-e-type=\"section\" data-settings=\"{&quot;background_background&quot;:&quot;classic&quot;}\">\n\t\t\t\t\t\t\t<div class=\"elementor-background-overlay\"><\/div>\n\t\t\t\t\t\t\t<div class=\"elementor-container elementor-column-gap-default\">\n\t\t\t\t\t<div class=\"elementor-column elementor-col-100 elementor-top-column elementor-element elementor-element-37510632\" data-id=\"37510632\" data-element_type=\"column\" data-e-type=\"column\">\n\t\t\t<div class=\"elementor-widget-wrap elementor-element-populated\">\n\t\t\t\t\t\t<section class=\"elementor-section elementor-inner-section elementor-element elementor-element-cba74a2 elementor-section-boxed elementor-section-height-default elementor-section-height-default\" data-id=\"cba74a2\" data-element_type=\"section\" data-e-type=\"section\">\n\t\t\t\t\t\t<div class=\"elementor-container elementor-column-gap-default\">\n\t\t\t\t\t<div class=\"elementor-column elementor-col-50 elementor-inner-column elementor-element elementor-element-5a3e986\" data-id=\"5a3e986\" data-element_type=\"column\" data-e-type=\"column\">\n\t\t\t<div class=\"elementor-widget-wrap elementor-element-populated\">\n\t\t\t\t\t\t<div class=\"elementor-element elementor-element-e11afae elementor-widget elementor-widget-heading\" data-id=\"e11afae\" data-element_type=\"widget\" data-e-type=\"widget\" data-widget_type=\"heading.default\">\n\t\t\t\t<div class=\"elementor-widget-container\">\n\t\t\t\t\t<h2 class=\"elementor-heading-title elementor-size-default\">We are committed to making the digital experience for instructors and students <span style=\"color:#E68628\">simple, convenient and user-friendly<\/span> <\/h2>\t\t\t\t<\/div>\n\t\t\t\t<\/div>\n\t\t\t\t\t<\/div>\n\t\t<\/div>\n\t\t\t\t<div class=\"elementor-column elementor-col-50 elementor-inner-column elementor-element elementor-element-61c493b elementor-hidden-mobile_extra elementor-hidden-mobile\" data-id=\"61c493b\" data-element_type=\"column\" data-e-type=\"column\">\n\t\t\t<div class=\"elementor-widget-wrap\">\n\t\t\t\t\t\t\t<\/div>\n\t\t<\/div>\n\t\t\t\t\t<\/div>\n\t\t<\/section>\n\t\t\t\t\t<\/div>\n\t\t<\/div>\n\t\t\t\t\t<\/div>\n\t\t<\/section>\n\t\t\t\t<section class=\"elementor-section elementor-top-section elementor-element elementor-element-68e46600 elementor-section-content-middle image_group_section elementor-section-boxed elementor-section-height-default elementor-section-height-default\" data-id=\"68e46600\" data-element_type=\"section\" data-e-type=\"section\">\n\t\t\t\t\t\t<div class=\"elementor-container elementor-column-gap-default\">\n\t\t\t\t\t<div class=\"elementor-column elementor-col-50 elementor-top-column elementor-element elementor-element-662a7ba9\" data-id=\"662a7ba9\" data-element_type=\"column\" data-e-type=\"column\">\n\t\t\t<div class=\"elementor-widget-wrap elementor-element-populated\">\n\t\t\t\t\t\t<div class=\"elementor-element elementor-element-16db3e5f elementor-widget elementor-widget-heading\" data-id=\"16db3e5f\" data-element_type=\"widget\" data-e-type=\"widget\" data-widget_type=\"heading.default\">\n\t\t\t\t<div class=\"elementor-widget-container\">\n\t\t\t\t\t<h2 class=\"elementor-heading-title elementor-size-default\">Our partners<\/h2>\t\t\t\t<\/div>\n\t\t\t\t<\/div>\n\t\t\t\t<div class=\"elementor-element elementor-element-1e0509c elementor-widget elementor-widget-text-editor\" data-id=\"1e0509c\" data-element_type=\"widget\" data-e-type=\"widget\" data-widget_type=\"text-editor.default\">\n\t\t\t\t<div class=\"elementor-widget-container\">\n\t\t\t\t\t\t\t\t\t<p>In addition to being a Microsoft Gold partner since 2007, the LS2 team is fortunate to be supported by Centech, a world-class innovation center founded by the \u00c9cole de technologie sup\u00e9rieure (\u00c9TS). Centech supports high-tech companies and projects with high growth potential. We are also members of the Edteq Association, a key player in the educational technology movement in Quebec and internationally.<\/p>\t\t\t\t\t\t\t\t<\/div>\n\t\t\t\t<\/div>\n\t\t\t\t\t<\/div>\n\t\t<\/div>\n\t\t\t\t<div class=\"elementor-column elementor-col-50 elementor-top-column elementor-element elementor-element-5fb7795\" data-id=\"5fb7795\" data-element_type=\"column\" data-e-type=\"column\">\n\t\t\t<div class=\"elementor-widget-wrap elementor-element-populated\">\n\t\t\t\t\t\t<section class=\"elementor-section elementor-inner-section elementor-element elementor-element-6e8c0ff7 image_group elementor-section-boxed elementor-section-height-default elementor-section-height-default\" data-id=\"6e8c0ff7\" data-element_type=\"section\" data-e-type=\"section\">\n\t\t\t\t\t\t<div class=\"elementor-container elementor-column-gap-default\">\n\t\t\t\t\t<div class=\"elementor-column elementor-col-33 elementor-inner-column elementor-element elementor-element-2cccbb6a image_column\" data-id=\"2cccbb6a\" data-element_type=\"column\" data-e-type=\"column\">\n\t\t\t<div class=\"elementor-widget-wrap elementor-element-populated\">\n\t\t\t\t\t\t<div class=\"elementor-element elementor-element-54f22267 elementor-widget elementor-widget-image\" data-id=\"54f22267\" data-element_type=\"widget\" data-e-type=\"widget\" data-widget_type=\"image.default\">\n\t\t\t\t<div class=\"elementor-widget-container\">\n\t\t\t\t\t<img decoding=\"async\" src=\"\"\r\n\t\t\t\t\t\t\t\t\tdata-src=\"\/wp-content\/uploads\/2023\/04\/partenaire-microsoft-gold-partner.png\" \r\n\t\t\t\t\t\t\t\t\tclass=\"lazy-images\" \r\n\t\t\t\t\t\t\t\t\twidth=\"129\"\r\n\t\t\t\t\t\t\t\t\theight=\"33\"\r\n\t\t\t\t\t\t\t\t\talt=\"partenaire-microsoft-gold-partner.png\" \/>\t\t\t\t<\/div>\n\t\t\t\t<\/div>\n\t\t\t\t\t<\/div>\n\t\t<\/div>\n\t\t\t\t<div class=\"elementor-column elementor-col-33 elementor-inner-column elementor-element elementor-element-29e9bb36 image_column\" data-id=\"29e9bb36\" data-element_type=\"column\" data-e-type=\"column\">\n\t\t\t<div class=\"elementor-widget-wrap elementor-element-populated\">\n\t\t\t\t\t\t<div class=\"elementor-element elementor-element-5e351f1c elementor-widget elementor-widget-image\" data-id=\"5e351f1c\" data-element_type=\"widget\" data-e-type=\"widget\" data-widget_type=\"image.default\">\n\t\t\t\t<div class=\"elementor-widget-container\">\n\t\t\t\t\t<img decoding=\"async\" src=\"\"\r\n\t\t\t\t\t\t\t\t\tdata-src=\"\/wp-content\/uploads\/2023\/04\/partenaire-EDTEQ1.png\" \r\n\t\t\t\t\t\t\t\t\tclass=\"lazy-images\" \r\n\t\t\t\t\t\t\t\t\twidth=\"131\"\r\n\t\t\t\t\t\t\t\t\theight=\"67\"\r\n\t\t\t\t\t\t\t\t\talt=\"partenaire-EDTEQ1.png\" \/>\t\t\t\t<\/div>\n\t\t\t\t<\/div>\n\t\t\t\t\t<\/div>\n\t\t<\/div>\n\t\t\t\t<div class=\"elementor-column elementor-col-33 elementor-inner-column elementor-element elementor-element-572063bc image_column\" data-id=\"572063bc\" data-element_type=\"column\" data-e-type=\"column\">\n\t\t\t<div class=\"elementor-widget-wrap elementor-element-populated\">\n\t\t\t\t\t\t<div class=\"elementor-element elementor-element-b6ccf elementor-widget elementor-widget-image\" data-id=\"b6ccf\" data-element_type=\"widget\" data-e-type=\"widget\" data-widget_type=\"image.default\">\n\t\t\t\t<div class=\"elementor-widget-container\">\n\t\t\t\t\t<img decoding=\"async\" src=\"\"\r\n\t\t\t\t\t\t\t\t\tdata-src=\"\/wp-content\/uploads\/2023\/04\/partenaire-Centech1.png\" \r\n\t\t\t\t\t\t\t\t\tclass=\"lazy-images\" \r\n\t\t\t\t\t\t\t\t\twidth=\"101\"\r\n\t\t\t\t\t\t\t\t\theight=\"60\"\r\n\t\t\t\t\t\t\t\t\talt=\"partenaire-Centech1.png\" \/>\t\t\t\t<\/div>\n\t\t\t\t<\/div>\n\t\t\t\t\t<\/div>\n\t\t<\/div>\n\t\t\t\t\t<\/div>\n\t\t<\/section>\n\t\t\t\t\t<\/div>\n\t\t<\/div>\n\t\t\t\t\t<\/div>\n\t\t<\/section>\n\t\t\t\t<\/div>\n\t\t","protected":false},"excerpt":{"rendered":"<p>Listening to needs to simplify class management At LS2, we participate in the digital transformation of education by listening closely to the needs of educational establishments and by creating simple, effective technological solutions adapted to the reality in the classroom. Our recipe is simple&#8230; Collaborate openly We\u00a0listen\u00a0and work closely with the various stakeholders in educational [&hellip;]<\/p>\n","protected":false},"author":4,"featured_media":0,"parent":0,"menu_order":8,"comment_status":"closed","ping_status":"closed","template":"","meta":{"_uf_show_specific_survey":0,"_uf_disable_surveys":false,"footnotes":""},"class_list":["post-4851","page","type-page","status-publish","hentry"],"acf":[],"jetpack_sharing_enabled":true,"_links":{"self":[{"href":"https:\/\/ls2.ca\/en\/wp-json\/wp\/v2\/pages\/4851","targetHints":{"allow":["GET"]}}],"collection":[{"href":"https:\/\/ls2.ca\/en\/wp-json\/wp\/v2\/pages"}],"about":[{"href":"https:\/\/ls2.ca\/en\/wp-json\/wp\/v2\/types\/page"}],"author":[{"embeddable":true,"href":"https:\/\/ls2.ca\/en\/wp-json\/wp\/v2\/users\/4"}],"replies":[{"embeddable":true,"href":"https:\/\/ls2.ca\/en\/wp-json\/wp\/v2\/comments?post=4851"}],"version-history":[{"count":20,"href":"https:\/\/ls2.ca\/en\/wp-json\/wp\/v2\/pages\/4851\/revisions"}],"predecessor-version":[{"id":6442,"href":"https:\/\/ls2.ca\/en\/wp-json\/wp\/v2\/pages\/4851\/revisions\/6442"}],"wp:attachment":[{"href":"https:\/\/ls2.ca\/en\/wp-json\/wp\/v2\/media?parent=4851"}],"curies":[{"name":"wp","href":"https:\/\/api.w.org\/{rel}","templated":true}]}}